{"id":5970,"date":"2022-06-28T19:13:07","date_gmt":"2022-06-28T19:13:07","guid":{"rendered":"https:\/\/agabbay.com\/?page_id=5970"},"modified":"2022-10-22T06:45:56","modified_gmt":"2022-10-22T06:45:56","slug":"ville-de-quebec","status":"publish","type":"page","link":"https:\/\/agabbay.com\/fr\/ville-de-quebec\/","title":{"rendered":"Ville de Qu\u00e9bec"},"content":{"rendered":"\t\t<div data-elementor-type=\"wp-page\" data-elementor-id=\"5970\" class=\"elementor elementor-5970\">\n\t\t\t\t\t\t\t        <section class=\"elementor-section elementor-top-section elementor-element elementor-element-b003693 elementor-section-boxed elementor-section-height-default elementor-section-height-default ct-header-fixed-none ct-row-max-none\" data-id=\"b003693\" data-element_type=\"section\" data-settings=\"{&quot;background_background&quot;:&quot;classic&quot;}\">\n            \n                        <div class=\"elementor-container elementor-column-gap-default \">\n                    <div class=\"elementor-column elementor-col-100 elementor-top-column elementor-element elementor-element-dbcd45e\" data-id=\"dbcd45e\" data-element_type=\"column\" data-settings=\"{&quot;background_background&quot;:&quot;classic&quot;}\">\n            <div class=\"elementor-widget-wrap elementor-element-populated\">\n                        \t\t<div class=\"elementor-element elementor-element-745f5d8 elementor-widget elementor-widget-ct_text_editor\" data-id=\"745f5d8\" data-element_type=\"widget\" data-widget_type=\"ct_text_editor.default\">\n\t\t\t\t<div class=\"elementor-widget-container\">\n\t\t\t<div id=\"ct_text_editor-745f5d8\" class=\"ct-text-editor \" data-wow-delay=\"ms\">\n\t<div class=\"ct-inline-css\"  data-css=\"\n        \t\t\">\n\n    <\/div>\n\t<div class=\"ct-text-editor elementor-clearfix\">\n\t\t<p style=\"text-align: center\"><b>Ville de Qu\u00e9bec<\/b><\/p><p style=\"text-align: center\"><span style=\"font-weight: 400\">2590, Boul. Laurier, # 770,<\/span><\/p><p style=\"text-align: center\"><span style=\"font-weight: 400\">Qu\u00e9bec, QC, G1V 4M6<\/span><\/p><p style=\"text-align: center\"><span style=\"font-weight: 400\">T\u00e9l : 418-938-1733<\/span><\/p>\t\t\n\t<\/div>\n<\/div>\t\t<\/div>\n\t\t\t\t<\/div>\n\t\t            <\/div>\n        <\/div>\n                            <\/div>\n        <\/section>\n                <section class=\"elementor-section elementor-top-section elementor-element elementor-element-5f63317 elementor-section-boxed elementor-section-height-default elementor-section-height-default ct-header-fixed-none ct-row-max-none\" data-id=\"5f63317\" data-element_type=\"section\">\n            \n                        <div class=\"elementor-container elementor-column-gap-default \">\n                    <div class=\"elementor-column elementor-col-100 elementor-top-column elementor-element elementor-element-359b37a\" data-id=\"359b37a\" data-element_type=\"column\">\n            <div class=\"elementor-widget-wrap elementor-element-populated\">\n                        \t\t<div class=\"elementor-element elementor-element-d51ebf7 elementor-widget elementor-widget-html\" data-id=\"d51ebf7\" data-element_type=\"widget\" data-widget_type=\"html.default\">\n\t\t\t\t<div class=\"elementor-widget-container\">\n\t\t\t<iframe src=\"https:\/\/www.google.com\/maps\/embed?pb=!1m18!1m12!1m3!1d2732.64968536991!2d-71.28338078420043!3d46.771801153262!2m3!1f0!2f0!3f0!3m2!1i1024!2i768!4f13.1!3m3!1m2!1s0x4cb896cc5b8b1d59%3A0xf4929baa0ad79cc5!2s2590%20Bd%20Laurier%2C%20Qu%C3%A9bec%2C%20QC%20G1V%204M6%2C%20Canada!5e0!3m2!1sen!2sid!4v1656444122702!5m2!1sen!2sid\" width=\"600\" height=\"450\" style=\"border:0;\" allowfullscreen=\"\" loading=\"lazy\" referrerpolicy=\"no-referrer-when-downgrade\"><\/iframe>\t\t<\/div>\n\t\t\t\t<\/div>\n\t\t            <\/div>\n        <\/div>\n                            <\/div>\n        <\/section>\n        \t\t\t\t\t<\/div>\n\t\t","protected":false},"excerpt":{"rendered":"<p>Ville de Qu\u00e9bec 2590, Boul. Laurier, # 770, Qu\u00e9bec, QC, G1V 4M6 T\u00e9l : 418-938-1733<\/p>\n","protected":false},"author":8,"featured_media":0,"parent":0,"menu_order":0,"comment_status":"closed","ping_status":"closed","template":"","meta":{"footnotes":""},"class_list":["post-5970","page","type-page","status-publish","hentry"],"_links":{"self":[{"href":"https:\/\/agabbay.com\/fr\/wp-json\/wp\/v2\/pages\/5970","targetHints":{"allow":["GET"]}}],"collection":[{"href":"https:\/\/agabbay.com\/fr\/wp-json\/wp\/v2\/pages"}],"about":[{"href":"https:\/\/agabbay.com\/fr\/wp-json\/wp\/v2\/types\/page"}],"author":[{"embeddable":true,"href":"https:\/\/agabbay.com\/fr\/wp-json\/wp\/v2\/users\/8"}],"replies":[{"embeddable":true,"href":"https:\/\/agabbay.com\/fr\/wp-json\/wp\/v2\/comments?post=5970"}],"version-history":[{"count":2,"href":"https:\/\/agabbay.com\/fr\/wp-json\/wp\/v2\/pages\/5970\/revisions"}],"predecessor-version":[{"id":6146,"href":"https:\/\/agabbay.com\/fr\/wp-json\/wp\/v2\/pages\/5970\/revisions\/6146"}],"wp:attachment":[{"href":"https:\/\/agabbay.com\/fr\/wp-json\/wp\/v2\/media?parent=5970"}],"curies":[{"name":"wp","href":"https:\/\/api.w.org\/{rel}","templated":true}]}}