{"id":5931,"date":"2022-06-24T14:57:20","date_gmt":"2022-06-24T14:57:20","guid":{"rendered":"http:\/\/agabbay.com\/?page_id=5931"},"modified":"2022-10-21T16:17:00","modified_gmt":"2022-10-21T16:17:00","slug":"faq","status":"publish","type":"page","link":"https:\/\/agabbay.com\/fr\/faq\/","title":{"rendered":"FAQ"},"content":{"rendered":"\t\t<div data-elementor-type=\"wp-page\" data-elementor-id=\"5931\" class=\"elementor elementor-5931\">\n\t\t\t\t\t\t\t        <section class=\"elementor-section elementor-top-section elementor-element elementor-element-d0c8d39 elementor-section-boxed elementor-section-height-default elementor-section-height-default ct-header-fixed-none ct-row-max-none\" data-id=\"d0c8d39\" data-element_type=\"section\">\n            \n                        <div class=\"elementor-container elementor-column-gap-default \">\n                    <div class=\"elementor-column elementor-col-100 elementor-top-column elementor-element elementor-element-610ae63\" data-id=\"610ae63\" data-element_type=\"column\">\n            <div class=\"elementor-widget-wrap elementor-element-populated\">\n                        \t\t<div class=\"elementor-element elementor-element-5156adc elementor-widget elementor-widget-ct_title\" data-id=\"5156adc\" data-element_type=\"widget\" data-widget_type=\"ct_title.default\">\n\t\t\t\t<div class=\"elementor-widget-container\">\n\t\t\t<div class=\"ct-title1 style2\">\r\n    <h3>\r\n    \t\t        <span>Nous r\u00e9pondons \u00e0 toutes vos questions<\/span>\r\n\t        <i><\/i>\r\n\t        <\/h3>\r\n<\/div>\t\t<\/div>\n\t\t\t\t<\/div>\n\t\t            <\/div>\n        <\/div>\n                            <\/div>\n        <\/section>\n                <section class=\"elementor-section elementor-top-section elementor-element elementor-element-6e6b60a elementor-section-boxed elementor-section-height-default elementor-section-height-default ct-header-fixed-none ct-row-max-none\" data-id=\"6e6b60a\" data-element_type=\"section\">\n            \n                        <div class=\"elementor-container elementor-column-gap-default \">\n                    <div class=\"elementor-column elementor-col-100 elementor-top-column elementor-element elementor-element-746502e\" data-id=\"746502e\" data-element_type=\"column\">\n            <div class=\"elementor-widget-wrap elementor-element-populated\">\n                        \t\t<div class=\"elementor-element elementor-element-c8b66ba elementor-widget elementor-widget-ct_accordion\" data-id=\"c8b66ba\" data-element_type=\"widget\" data-widget_type=\"ct_accordion.default\">\n\t\t\t\t<div class=\"elementor-widget-container\">\n\t\t\t    <div id=\"ct_accordion-c8b66ba\" class=\"ct-accordion layout1 style1 \">\r\n                    <div class=\"ct-accordion-item active\">\r\n                <div class=\"ct-ac-title active\" data-target=\"#405443fct_accordion-c8b66ba\">\r\n                    <a class=\"ct-ac-title-text\">\r\n                                                                        Combien de temps dure une faillite?                        <i class=\"ct-icon-accordion\"><\/i>\r\n                    <\/a>\r\n                <\/div>\r\n                <div id=\"405443fct_accordion-c8b66ba\" class=\"ct-ac-content\" style=\"display:block;\"><p>DANS LE CONTEXTE D\u2019UNE PREMI\u00c8RE FAILLITE, LA FAILLITE DURE NEUF (9) MOIS, ET CE, S\u2019IL N\u2019Y A PAS DE REVENU EXC\u00c9DENTAIRE OU D\u2019OPPOSITION \u00c0 LA LIB\u00c9RATION (voir d\u00e9finition plus bas). DANS LE CONTEXTE O\u00d9 IL Y A UN REVENU EXC\u00c9DENTAIRE, LA FAILLITE DURE VINGT ET UN (21) MOIS.<\/p><p>Dans le cas d\u2019une seconde faillite, s\u2019il n\u2019y a pas opposition \u00e0 la lib\u00e9ration, la dur\u00e9e varie entre vingt-quatre (24) et trente-six (36) mois, d\u00e9pendamment s\u2019il y a un revenu exc\u00e9dentaire ou pas.<\/p><p>Les dur\u00e9es mentionn\u00e9es ci-dessus sont les dur\u00e9es de la faillite dans le cas o\u00f9 il n\u2019y a pas d\u2019opposition. Dans les cas, peu fr\u00e9quents, o\u00f9 il y a opposition, la faillite dure plus longtemps.<\/p><p>REVENU EXC\u00c9DENTAIRE<\/p><p>Le revenu exc\u00e9dentaire constitue les normes \u00e9tablies par le bureau du Surintendant des Faillites.<\/p><\/div>\r\n            <\/div>\r\n                    <div class=\"ct-accordion-item \">\r\n                <div class=\"ct-ac-title \" data-target=\"#09d81b0ct_accordion-c8b66ba\">\r\n                    <a class=\"ct-ac-title-text\">\r\n                                                                        Comment d\u00e9terminer si le sc\u00e9nario de proposition de consommateur ou de faillite est le plus ad\u00e9quat?                        <i class=\"ct-icon-accordion\"><\/i>\r\n                    <\/a>\r\n                <\/div>\r\n                <div id=\"09d81b0ct_accordion-c8b66ba\" class=\"ct-ac-content\"><div id=\"main\" class=\"site-main\"><div class=\"_sidebar sb_left page_content\"><div class=\"container\"><main><div class=\"grid_row page_grid\"><div class=\"cws-content\"><div class=\"vc_row wpb_row vc_row-fluid\"><div class=\"wpb_column vc_column_container vc_col-sm-12 cws-column\"><div class=\"cws_vc_column-inner \"><div class=\"wpb_column vc_column_container vc_col-sm-12\"><div class=\"vc_column-inner\"><div class=\"wpb_wrapper\"><div class=\"vc_toggle vc_toggle_ vc_toggle_active\"><div class=\"vc_toggle_content\"><p>Il est fortement recommand\u00e9 de faire un budget afin de d\u00e9terminer les revenus mensuels de l\u2019unit\u00e9 familiale ainsi que les d\u00e9penses de base n\u00e9cessaires. Une fois cet exercice compl\u00e9t\u00e9, vous serez en mesure de d\u00e9terminer s\u2019il y a un exc\u00e9dent et si celui-ci vous permet de d\u00e9poser une proposition viable. Lors de la consultation initiale, nous pourrons vous assister dans le cadre de cet exercice et vous ferrons les recommandations qui s\u2019imposent.<\/p><p>Ce n\u2019est qu\u2019apr\u00e8s avoir \u00e9labor\u00e9 un budget mensuel et les d\u00e9tails de vos cr\u00e9ances qu\u2019une r\u00e9ponse d\u00e9finitive vous sera donn\u00e9e, \u00e0 savoir la solution la plus ad\u00e9quate \u00e0 votre situation.<\/p><\/div><\/div><div class=\"vc_toggle vc_toggle_\"><div class=\"vc_toggle_title\">\u00a0<\/div><\/div><\/div><\/div><\/div><\/div><\/div><\/div><\/div><\/div><\/main><\/div><\/div><\/div><footer class=\"page_footer\"><\/footer><\/div>\r\n            <\/div>\r\n                    <div class=\"ct-accordion-item \">\r\n                <div class=\"ct-ac-title \" data-target=\"#eec0334ct_accordion-c8b66ba\">\r\n                    <a class=\"ct-ac-title-text\">\r\n                                                                        J\u2019ai de gros pr\u00eats \u00e9tudiants. Puis-je \u00e9liminer cette dette en d\u00e9clarant faillite?                        <i class=\"ct-icon-accordion\"><\/i>\r\n                    <\/a>\r\n                <\/div>\r\n                <div id=\"eec0334ct_accordion-c8b66ba\" class=\"ct-ac-content\"><div class=\"body-cont\"><div id=\"main\" class=\"site-main\"><div class=\"_sidebar sb_left page_content\"><div class=\"container\"><div id=\"main\" class=\"site-main\"><div class=\"_sidebar sb_left page_content\"><div class=\"container\"><main><div class=\"grid_row page_grid\"><div class=\"cws-content\"><div class=\"vc_row wpb_row vc_row-fluid\"><div class=\"wpb_column vc_column_container vc_col-sm-12 cws-column\"><div class=\"cws_vc_column-inner \"><div class=\"wpb_column vc_column_container vc_col-sm-12\"><div class=\"vc_column-inner\"><div class=\"wpb_wrapper\"><div class=\"vc_toggle vc_toggle_ vc_toggle_active\"><div class=\"vc_toggle_content\"><p>Dans le cadre d\u2019une faillite, une distinction est faite entre les dettes ins\u00e9curis\u00e9es et les pr\u00eats et bourses. M\u00eame ces derniers ne sont pas garantis par des atouts, les lois de la faillite diff\u00e8rent pour celles-ci.<br \/>Dans le cas d\u2019une faillite, les pr\u00eats \u00e9tudiants peuvent \u00eatre lib\u00e9r\u00e9s si le derniers cours que l\u2019\u00e9tudiant a pris remonte \u00e0 sept (7) ans avant la d\u00e9claration de la faillite. Il n\u2019y a aucune distinction faite entre les \u00e9tudiants \u00e0 temps plein et ceux \u00e0 temps partiel dans ce cadre.<\/p><p>Il est toutefois possible de se lib\u00e9rer des dettes \u00e9tudiantes pour des cours qui ont \u00e9t\u00e9 pris il y a entre cinq (5) et sept (7) ans avant la faillite, dans la mesure o\u00f9 vous \u00eates capable de prouver que ces dettes vont vous causer des difficult\u00e9s financi\u00e8res dans le futur et si vous avez fait des efforts pour rembourser le pr\u00eat. Cependant, ceci doit \u00eatre fait \u00e0 l\u2019aide d\u2019une ordonnance du tribunal qui a le pouvoir de lib\u00e9rer des pr\u00eats \u00e9tudiants apr\u00e8s cinq (5) ann\u00e9es.<\/p><p>Notez qu\u2019il faut que les sept (7) ann\u00e9es soient pass\u00e9es sans avoir pris de cours. Si m\u00eame un (1) cours a \u00e9t\u00e9 pris, le compte recommence et ce, m\u00eame si vous n\u2019avez pas eu de pr\u00eat pour le cours en question.<br \/>Cette loi a \u00e9t\u00e9 mise en vigueur pour toute faillite d\u00e9clar\u00e9e ou en cours apr\u00e8s le 7 Juillet 2008.<\/p><p>Pour plus d\u2019informations n\u2019h\u00e9sitez pas \u00e0 nous contacter et \u00e0 parler \u00e0 notre Syndic Autoris\u00e9 en Insolvabilit\u00e9 ou \u00e0 un de nos conseillers en faillite en nous appelant au 514-316-7057.<\/p><\/div><\/div><\/div><\/div><\/div><\/div><\/div><\/div><\/div><\/div><\/main><\/div><\/div><\/div><\/div><\/div><\/div><\/div><\/div>\r\n            <\/div>\r\n                    <div class=\"ct-accordion-item \">\r\n                <div class=\"ct-ac-title \" data-target=\"#6738db0ct_accordion-c8b66ba\">\r\n                    <a class=\"ct-ac-title-text\">\r\n                                                                        Qu\u2019arrive-t-il \u00e0 mon salaire au cours d\u2019une faillite?                        <i class=\"ct-icon-accordion\"><\/i>\r\n                    <\/a>\r\n                <\/div>\r\n                <div id=\"6738db0ct_accordion-c8b66ba\" class=\"ct-ac-content\"><p>Votre salaire n\u2019est pas touch\u00e9 par une faillite. Toutefois, vous serez tenu de remplir un formulaire 65 \u2013 \u00c9tat mensuel des revenus et d\u00e9penses de l\u2019unit\u00e9 familiale, dressant la liste de tous vos revenus. Si votre revenu d\u00e9passe la norme \u00e9tablie par le Bureau du Surintendant des Faillites, vous aurez \u00e0 verser une partie de votre revenu exc\u00e9dentaire au Syndic Autoris\u00e9 en Insolvabilit\u00e9, qui versera les fonds \u00e0 l\u2019actif de faillite.<br \/>Lors de la premi\u00e8re rencontre, nous vous expliquerons comment se calcule le revenu exc\u00e9dentaire.<\/p><\/div>\r\n            <\/div>\r\n                    <div class=\"ct-accordion-item \">\r\n                <div class=\"ct-ac-title \" data-target=\"#c12ed29ct_accordion-c8b66ba\">\r\n                    <a class=\"ct-ac-title-text\">\r\n                                                                        Est-ce que la faillite me lib\u00e8re de toutes mes dettes?                        <i class=\"ct-icon-accordion\"><\/i>\r\n                    <\/a>\r\n                <\/div>\r\n                <div id=\"c12ed29ct_accordion-c8b66ba\" class=\"ct-ac-content\"><p>En vertu de la Loi sur la faillite et l\u2019insolvabilit\u00e9, la majorit\u00e9 des dettes sont lib\u00e9rables. Cependant, certaines dettes ne le sont pas, \u00e0 savoir:<\/p><p>\u2022 les paiements au titre de pension alimentaire \u00e0 un ex-conjoint ou aux enfants<br \/>\u2022 les pr\u00eats \u00e9tudiants, s\u2019il s\u2019est \u00e9coul\u00e9 moins de sept (7) ans depuis que le failli a cess\u00e9 ses \u00e9tudes \u00e0 temps plein ou \u00e0 temps partiel<br \/>\u2022 les amendes ou sanctions p\u00e9cuniaires prononc\u00e9es par le tribunal<br \/>\u2022 les dettes d\u00e9coulant d\u2019une fraude<\/p><p>En outre, la faillite n\u2019a g\u00e9n\u00e9ralement pas d\u2019incidence sur les droits des cr\u00e9anciers garantis. Si un cr\u00e9ancier a une s\u00fbret\u00e9 valide sur un bien qui vous appartient (ex. une automobile ou une maison), consultez nous. Si vous pouvez effectuer les versements mensuels, il vous est possible de conclure un arrangement financier avec le cr\u00e9ancier garanti.<br \/>En revanche, si vous le d\u00e9sirez, vous pouvez remettre le bien au moment de la faillite et ne pas avoir \u00e0 continuer \u00e0 payer la dette.<\/p><p>Pour vous assurer que votre dossier de cr\u00e9dit est mis \u00e0 jour, il vous faut envoyer une copie de votre certificat de lib\u00e9ration aux diff\u00e9rents bureaux de cr\u00e9dit; assurez vous toutefois de conserver tous les documents reli\u00e9s \u00e0 votre faillite ou \u00e0 une proposition pour r\u00e9f\u00e9rence pour vos futurs cr\u00e9anciers.<\/p><\/div>\r\n            <\/div>\r\n                    <div class=\"ct-accordion-item \">\r\n                <div class=\"ct-ac-title \" data-target=\"#ebc4549ct_accordion-c8b66ba\">\r\n                    <a class=\"ct-ac-title-text\">\r\n                                                                        Quelles seront les cons\u00e9quences d\u2019une faillite ou d\u2019une proposition de consommateur sur ma cote de cr\u00e9dit?                        <i class=\"ct-icon-accordion\"><\/i>\r\n                    <\/a>\r\n                <\/div>\r\n                <div id=\"ebc4549ct_accordion-c8b66ba\" class=\"ct-ac-content\"><p>Il est important de comprendre que si vous \u00eates en position de faire une proposition ou songez d\u00e9clarer faillite, votre cr\u00e9dit a probablement d\u00e9j\u00e0 commenc\u00e9 \u00e0 \u00eatre affect\u00e9. Ceci veut souvent dire que les individus qui pensent d\u00e9clarer faillite ont d\u00e9j\u00e0 une cote de cr\u00e9dit semblable \u00e0 ceux qui ont d\u00e9clar\u00e9 faillite.<\/p><p>Si vous d\u00e9clarez faillite, une note sera assign\u00e9e \u00e0 votre dossier de cr\u00e9dit, si elle ne l\u2019est pas d\u00e9j\u00e0. Une proposition de consommateur aura un effet semblale. Notez que ceci advient au moment de la d\u00e9claration. Andr\u00e9 Gabbay &amp; Associ\u00e9s Inc. Syndic Autoris\u00e9 en Insolvabilit\u00e9 vous offre plusieurs conseils qui peuvent vous aider \u00e0 remonter votre cote de cr\u00e9dit rapidement suite la lib\u00e9ration de votre faillite.<\/p><p>Cependant, apr\u00e8s un certain temps, la faillite ou la proposition sera enlev\u00e9e de votre rapport de cr\u00e9dit. Le temps qui s\u2019\u00e9coulera entre votre faillite ou proposition et son exclusion de votre rapport de cr\u00e9dit d\u00e9pend de l\u2019endroit o\u00f9 vous vivez et des circonstances associ\u00e9es \u00e0 votre cas.<\/p><p>Suite \u00e0 votre lib\u00e9ration, vous pouvez recommencer \u00e0 obtenir un cr\u00e9dit, mais comme nul n\u2019est tenu de vous le donner, il vous faudra convaincre la personne ou l\u2019institution de vous accorder ce cr\u00e9dit. Dans le cas d\u2019une proposition, vous pouvez obtenir un cr\u00e9dit durant cette p\u00e9riode, mais encore une fois cela d\u00e9pend de votre capacit\u00e9 \u00e0 convaincre un individu ou une institution de vous accorder un pr\u00eat.<\/p><p>Pour plus d\u2019informations au sujet de votre cote de cr\u00e9dit suite \u00e0 une faillite ou de la cote associ\u00e9e \u00e0 une proposition, veuillez contacter Andr\u00e9 Gabbay &amp; Associ\u00e9s Inc. Syndic Autoris\u00e9 en Insolvabilit\u00e9 au 514-316-7057.<\/p><\/div>\r\n            <\/div>\r\n            <\/div>\r\n    \t\t<\/div>\n\t\t\t\t<\/div>\n\t\t            <\/div>\n        <\/div>\n                            <\/div>\n        <\/section>\n        \t\t\t\t\t<\/div>\n\t\t","protected":false},"excerpt":{"rendered":"<p>Nous r\u00e9pondons \u00e0 toutes vos questions Combien de temps dure une faillite? DANS LE CONTEXTE D\u2019UNE PREMI\u00c8RE FAILLITE, LA FAILLITE DURE NEUF (9) MOIS, ET CE, S\u2019IL N\u2019Y A PAS DE REVENU EXC\u00c9DENTAIRE OU D\u2019OPPOSITION \u00c0 LA LIB\u00c9RATION (voir d\u00e9finition plus bas). DANS LE CONTEXTE O\u00d9 IL Y A UN REVENU EXC\u00c9DENTAIRE, LA FAILLITE DURE [&hellip;]<\/p>\n","protected":false},"author":8,"featured_media":0,"parent":0,"menu_order":0,"comment_status":"closed","ping_status":"closed","template":"","meta":{"footnotes":""},"class_list":["post-5931","page","type-page","status-publish","hentry"],"_links":{"self":[{"href":"https:\/\/agabbay.com\/fr\/wp-json\/wp\/v2\/pages\/5931","targetHints":{"allow":["GET"]}}],"collection":[{"href":"https:\/\/agabbay.com\/fr\/wp-json\/wp\/v2\/pages"}],"about":[{"href":"https:\/\/agabbay.com\/fr\/wp-json\/wp\/v2\/types\/page"}],"author":[{"embeddable":true,"href":"https:\/\/agabbay.com\/fr\/wp-json\/wp\/v2\/users\/8"}],"replies":[{"embeddable":true,"href":"https:\/\/agabbay.com\/fr\/wp-json\/wp\/v2\/comments?post=5931"}],"version-history":[{"count":6,"href":"https:\/\/agabbay.com\/fr\/wp-json\/wp\/v2\/pages\/5931\/revisions"}],"predecessor-version":[{"id":6144,"href":"https:\/\/agabbay.com\/fr\/wp-json\/wp\/v2\/pages\/5931\/revisions\/6144"}],"wp:attachment":[{"href":"https:\/\/agabbay.com\/fr\/wp-json\/wp\/v2\/media?parent=5931"}],"curies":[{"name":"wp","href":"https:\/\/api.w.org\/{rel}","templated":true}]}}