{"id":5844,"date":"2022-06-24T13:25:57","date_gmt":"2022-06-24T13:25:57","guid":{"rendered":"https:\/\/agabbay.com\/?page_id=5844"},"modified":"2022-10-21T16:19:31","modified_gmt":"2022-10-21T16:19:31","slug":"montreal-centre-ville","status":"publish","type":"page","link":"https:\/\/agabbay.com\/fr\/montreal-centre-ville\/","title":{"rendered":"Montreal Centre-Ville"},"content":{"rendered":"\t\t<div data-elementor-type=\"wp-page\" data-elementor-id=\"5844\" class=\"elementor elementor-5844\">\n\t\t\t\t\t\t\t        <section class=\"elementor-section elementor-top-section elementor-element elementor-element-cdd30c7 elementor-section-boxed elementor-section-height-default elementor-section-height-default ct-header-fixed-none ct-row-max-none\" data-id=\"cdd30c7\" data-element_type=\"section\">\n            \n                        <div class=\"elementor-container elementor-column-gap-default \">\n                    <div class=\"elementor-column elementor-col-100 elementor-top-column elementor-element elementor-element-8b34693\" data-id=\"8b34693\" data-element_type=\"column\">\n            <div class=\"elementor-widget-wrap elementor-element-populated\">\n                        \t\t<div class=\"elementor-element elementor-element-4ed9f21 elementor-widget elementor-widget-text-editor\" data-id=\"4ed9f21\" data-element_type=\"widget\" data-widget_type=\"text-editor.default\">\n\t\t\t\t<div class=\"elementor-widget-container\">\n\t\t\t<style>\/*! elementor - v3.9.2 - 21-12-2022 *\/\n.elementor-widget-text-editor.elementor-drop-cap-view-stacked .elementor-drop-cap{background-color:#818a91;color:#fff}.elementor-widget-text-editor.elementor-drop-cap-view-framed .elementor-drop-cap{color:#818a91;border:3px solid;background-color:transparent}.elementor-widget-text-editor:not(.elementor-drop-cap-view-default) .elementor-drop-cap{margin-top:8px}.elementor-widget-text-editor:not(.elementor-drop-cap-view-default) .elementor-drop-cap-letter{width:1em;height:1em}.elementor-widget-text-editor .elementor-drop-cap{float:left;text-align:center;line-height:1;font-size:50px}.elementor-widget-text-editor .elementor-drop-cap-letter{display:inline-block}<\/style>\t\t\t\t<div dir=\"auto\"><strong>Montreal Centre-Ville<\/strong><\/div><div dir=\"auto\"><strong>Andr\u00e9 Gabbay &amp; Associ\u00e9s Inc.<\/strong><\/div><div dir=\"auto\">1255 Boulevard Robert Bourassa, Suite 1515,<\/div><div dir=\"auto\">Montr\u00e9al, QC H3B 3X2<\/div><div dir=\"auto\">Tel.: 514-316-7057<\/div>\t\t\t\t\t\t<\/div>\n\t\t\t\t<\/div>\n\t\t            <\/div>\n        <\/div>\n                            <\/div>\n        <\/section>\n                <section class=\"elementor-section elementor-top-section elementor-element elementor-element-e66b517 elementor-section-boxed elementor-section-height-default elementor-section-height-default ct-header-fixed-none ct-row-max-none\" data-id=\"e66b517\" data-element_type=\"section\">\n            \n                        <div class=\"elementor-container elementor-column-gap-default \">\n                    <div class=\"elementor-column elementor-col-100 elementor-top-column elementor-element elementor-element-3177905\" data-id=\"3177905\" data-element_type=\"column\">\n            <div class=\"elementor-widget-wrap elementor-element-populated\">\n                        \t\t<div class=\"elementor-element elementor-element-4ffdbf3 elementor-widget elementor-widget-html\" data-id=\"4ffdbf3\" data-element_type=\"widget\" data-widget_type=\"html.default\">\n\t\t\t\t<div class=\"elementor-widget-container\">\n\t\t\t<iframe src=\"https:\/\/www.google.com\/maps\/embed?pb=!1m18!1m12!1m3!1d2796.343601461269!2d-73.57145248444128!3d45.50316137910139!2m3!1f0!2f0!3f0!3m2!1i1024!2i768!4f13.1!3m3!1m2!1s0x4cc91a4451048503%3A0x5725adc3fd7312d0!2s1255%20Blvd%20Robert-Bourassa%20Suite%201515%2C%20Montreal%2C%20QC%20H3B%203B6%2C%20Canada!5e0!3m2!1sen!2sid!4v1656077206685!5m2!1sen!2sid\" width=\"600\" height=\"450\" style=\"border:0;\" allowfullscreen=\"\" loading=\"lazy\" referrerpolicy=\"no-referrer-when-downgrade\"><\/iframe>\t\t<\/div>\n\t\t\t\t<\/div>\n\t\t            <\/div>\n        <\/div>\n                            <\/div>\n        <\/section>\n        \t\t\t\t\t<\/div>\n\t\t","protected":false},"excerpt":{"rendered":"<p>Montreal Centre-VilleAndr\u00e9 Gabbay &amp; Associ\u00e9s Inc.1255 Boulevard Robert Bourassa, Suite 1515,Montr\u00e9al, QC H3B 3X2Tel.: 514-316-7057<\/p>\n","protected":false},"author":8,"featured_media":0,"parent":0,"menu_order":0,"comment_status":"closed","ping_status":"closed","template":"","meta":{"footnotes":""},"class_list":["post-5844","page","type-page","status-publish","hentry"],"_links":{"self":[{"href":"https:\/\/agabbay.com\/fr\/wp-json\/wp\/v2\/pages\/5844","targetHints":{"allow":["GET"]}}],"collection":[{"href":"https:\/\/agabbay.com\/fr\/wp-json\/wp\/v2\/pages"}],"about":[{"href":"https:\/\/agabbay.com\/fr\/wp-json\/wp\/v2\/types\/page"}],"author":[{"embeddable":true,"href":"https:\/\/agabbay.com\/fr\/wp-json\/wp\/v2\/users\/8"}],"replies":[{"embeddable":true,"href":"https:\/\/agabbay.com\/fr\/wp-json\/wp\/v2\/comments?post=5844"}],"version-history":[{"count":1,"href":"https:\/\/agabbay.com\/fr\/wp-json\/wp\/v2\/pages\/5844\/revisions"}],"predecessor-version":[{"id":5845,"href":"https:\/\/agabbay.com\/fr\/wp-json\/wp\/v2\/pages\/5844\/revisions\/5845"}],"wp:attachment":[{"href":"https:\/\/agabbay.com\/fr\/wp-json\/wp\/v2\/media?parent=5844"}],"curies":[{"name":"wp","href":"https:\/\/api.w.org\/{rel}","templated":true}]}}