{"id":5807,"date":"2020-02-07T02:19:39","date_gmt":"2020-02-07T02:19:39","guid":{"rendered":"https:\/\/agabbay.com\/?page_id=5807"},"modified":"2022-11-23T19:30:55","modified_gmt":"2022-11-23T19:30:55","slug":"contactez","status":"publish","type":"page","link":"https:\/\/agabbay.com\/fr\/contactez\/","title":{"rendered":"Contactez"},"content":{"rendered":"\t\t<div data-elementor-type=\"wp-page\" data-elementor-id=\"5807\" class=\"elementor elementor-5807\">\n\t\t\t\t\t\t\t        <section class=\"elementor-section elementor-top-section elementor-element elementor-element-35ebeef elementor-section-stretched elementor-section-boxed elementor-section-height-default elementor-section-height-default ct-header-fixed-none ct-row-max-none\" data-id=\"35ebeef\" data-element_type=\"section\" data-settings=\"{&quot;stretch_section&quot;:&quot;section-stretched&quot;,&quot;background_background&quot;:&quot;classic&quot;}\">\n            \n                        <div class=\"elementor-container elementor-column-gap-extended \">\n                    <div class=\"elementor-column elementor-col-50 elementor-top-column elementor-element elementor-element-8c27832\" data-id=\"8c27832\" data-element_type=\"column\">\n            <div class=\"elementor-widget-wrap elementor-element-populated\">\n                        \t\t<div class=\"elementor-element elementor-element-b5f7aa2 elementor-widget elementor-widget-ct_heading\" data-id=\"b5f7aa2\" data-element_type=\"widget\" data-widget_type=\"ct_heading.default\">\n\t\t\t\t<div class=\"elementor-widget-container\">\n\t\t\t<div id=\"ct_heading-b5f7aa2\" class=\"ct-heading h-align- sub-style1 ct-heading-left item-st-default\">\r\n\t<div class=\"ct-inline-css\"  data-css=\"\r\n        \">\r\n    <\/div>\r\n    \t\t<div class=\"item--sub-title style1 show-line\">\r\n                        Contactez                                            <\/div>\r\n\t    <h3 class=\"item--title st-default case-animate-time\" data-wow-delay=\"ms\">\r\n                <span class=\"sp-main\">\r\n            \r\n            Pour plus d&rsquo;informations, veuillez nous contacter <b>\u00a0!<\/b>\r\n            \r\n                    <\/span>\r\n            <\/h3>\r\n<\/div>\t\t<\/div>\n\t\t\t\t<\/div>\n\t\t\t\t<div class=\"elementor-element elementor-element-6cc7ca20 elementor-widget elementor-widget-ct_fancy_box\" data-id=\"6cc7ca20\" data-element_type=\"widget\" data-widget_type=\"ct_fancy_box.default\">\n\t\t\t\t<div class=\"elementor-widget-container\">\n\t\t\t<div class=\"ct-fancy-box ct-fancy-box-layout1 style1 \" data-wow-delay=\"ms\">\r\n            <div class=\"item--icon\">\r\n            <span class=\"item--shape\"><\/span>\r\n            <i aria-hidden=\"true\" class=\"fas fa-map-marker-alt\"><\/i>                            <a class=\"item--link\" href=\"#\"><\/a>\r\n                    <\/div>\r\n            <div class=\"item--holder\">\r\n                    <h3 class=\"item--title\">\r\n                Adresse du si\u00e8ge social\u00a0:            <\/h3>\r\n                <div class=\"item--description\">1130, Sherbrooke ouest, Suite 350,\nMontr\u00e9al, QC H3A 2M8<\/div>\r\n    <\/div>\r\n<\/div>\t\t<\/div>\n\t\t\t\t<\/div>\n\t\t\t\t<div class=\"elementor-element elementor-element-7087f74b elementor-widget elementor-widget-ct_fancy_box\" data-id=\"7087f74b\" data-element_type=\"widget\" data-widget_type=\"ct_fancy_box.default\">\n\t\t\t\t<div class=\"elementor-widget-container\">\n\t\t\t<div class=\"ct-fancy-box ct-fancy-box-layout1 style1 \" data-wow-delay=\"ms\">\r\n            <div class=\"item--icon\">\r\n            <span class=\"item--shape\"><\/span>\r\n            <i aria-hidden=\"true\" class=\"fas fa-phone-alt\"><\/i>                            <a class=\"item--link\" href=\"#\"><\/a>\r\n                    <\/div>\r\n            <div class=\"item--holder\">\r\n                    <h3 class=\"item--title\">\r\n                Appeler \u00e0 l'aide:            <\/h3>\r\n                <div class=\"item--description\">Tel.: 514-316-7057\n<\/div>\r\n    <\/div>\r\n<\/div>\t\t<\/div>\n\t\t\t\t<\/div>\n\t\t\t\t<div class=\"elementor-element elementor-element-5fc35b57 elementor-widget elementor-widget-ct_fancy_box\" data-id=\"5fc35b57\" data-element_type=\"widget\" data-widget_type=\"ct_fancy_box.default\">\n\t\t\t\t<div class=\"elementor-widget-container\">\n\t\t\t<div class=\"ct-fancy-box ct-fancy-box-layout1 style1 \" data-wow-delay=\"ms\">\r\n            <div class=\"item--holder\">\r\n                <div class=\"item--description\"><\/div>\r\n    <\/div>\r\n<\/div>\t\t<\/div>\n\t\t\t\t<\/div>\n\t\t            <\/div>\n        <\/div>\n                <div class=\"elementor-column elementor-col-50 elementor-top-column elementor-element elementor-element-dfda162\" data-id=\"dfda162\" data-element_type=\"column\">\n            <div class=\"elementor-widget-wrap elementor-element-populated\">\n                        \t\t<div class=\"elementor-element elementor-element-7ec43f27 elementor-widget elementor-widget-ct_ctf7\" data-id=\"7ec43f27\" data-element_type=\"widget\" data-widget_type=\"ct_ctf7.default\">\n\t\t\t\t<div class=\"elementor-widget-container\">\n\t\t\t    <div class=\"ct-contact-form-layout1 style5 \">\r\n                <div class=\"ct-contact-form-inner\">\r\n        \t            <div class=\"ct-contact-form\">\r\n                <div class=\"wpcf7 no-js\" id=\"wpcf7-f6092-o1\" lang=\"en-US\" dir=\"ltr\">\n<div class=\"screen-reader-response\"><p role=\"status\" aria-live=\"polite\" aria-atomic=\"true\"><\/p> <ul><\/ul><\/div>\n<form action=\"\/fr\/wp-json\/wp\/v2\/pages\/5807#wpcf7-f6092-o1\" method=\"post\" class=\"wpcf7-form init\" aria-label=\"Contact form\" novalidate=\"novalidate\" data-status=\"init\">\n<div style=\"display: none;\">\n<input type=\"hidden\" name=\"_wpcf7\" value=\"6092\" \/>\n<input type=\"hidden\" name=\"_wpcf7_version\" value=\"5.7.2\" \/>\n<input type=\"hidden\" name=\"_wpcf7_locale\" value=\"en_US\" \/>\n<input type=\"hidden\" name=\"_wpcf7_unit_tag\" value=\"wpcf7-f6092-o1\" \/>\n<input type=\"hidden\" name=\"_wpcf7_container_post\" value=\"0\" \/>\n<input type=\"hidden\" name=\"_wpcf7_posted_data_hash\" value=\"\" \/>\n<input type=\"hidden\" name=\"_wpcf7_recaptcha_response\" value=\"\" \/>\n<\/div>\n<div class=\"row\">\n\t<div class=\"input-filled col-lg-6 col-md-6\">\n\t\t<p><label>Premi\u00e8re nom (obligatoire)<\/label><span class=\"wpcf7-form-control-wrap\" data-name=\"first-name\"><input size=\"40\" class=\"wpcf7-form-control wpcf7-text wpcf7-validates-as-required\" aria-required=\"true\" aria-invalid=\"false\" placeholder=\"Premi\u00e8re nom*\" value=\"\" type=\"text\" name=\"first-name\" \/><\/span>\n\t\t<\/p>\n\t<\/div>\n\t<div class=\"input-filled col-lg-6 col-md-6\">\n\t\t<p><label>Derni\u00e8re nom (obligatoire)<\/label><span class=\"wpcf7-form-control-wrap\" data-name=\"last-name\"><input size=\"40\" class=\"wpcf7-form-control wpcf7-text wpcf7-validates-as-required\" aria-required=\"true\" aria-invalid=\"false\" placeholder=\"Derni\u00e8re nom*\" value=\"\" type=\"text\" name=\"last-name\" \/><\/span>\n\t\t<\/p>\n\t<\/div>\n<\/div>\n<div class=\"row\">\n\t<div class=\"input-filled col-lg-6 col-md-6\">\n\t\t<p><label>Adresse e-mail (obligatoire)<\/label><span class=\"wpcf7-form-control-wrap\" data-name=\"your-email\"><input size=\"40\" class=\"wpcf7-form-control wpcf7-text wpcf7-email wpcf7-validates-as-required wpcf7-validates-as-email\" aria-required=\"true\" aria-invalid=\"false\" placeholder=\"Courrier*\" value=\"\" type=\"email\" name=\"your-email\" \/><\/span>\n\t\t<\/p>\n\t<\/div>\n\t<div class=\"input-filled col-lg-6 col-md-6\">\n\t\t<p><label>T\u00e9l\u00e9phoner (obligatoire)<\/label><span class=\"wpcf7-form-control-wrap\" data-name=\"your-phone\"><input size=\"40\" class=\"wpcf7-form-control wpcf7-text wpcf7-validates-as-required\" aria-required=\"true\" aria-invalid=\"false\" placeholder=\"T\u00e9l\u00e9phoner*\" value=\"\" type=\"text\" name=\"your-phone\" \/><\/span>\n\t\t<\/p>\n\t<\/div>\n<\/div>\n<div class=\"row\">\n\t<div class=\"input-filled col-12\">\n\t\t<p><label>Votre message<\/label><span class=\"wpcf7-form-control-wrap\" data-name=\"your-message\"><textarea cols=\"40\" rows=\"10\" class=\"wpcf7-form-control wpcf7-textarea wpcf7-validates-as-required\" aria-required=\"true\" aria-invalid=\"false\" placeholder=\"Tapez un message*\" name=\"your-message\"><\/textarea><\/span>\n\t\t<\/p>\n\t<\/div>\n\t<div class=\"input-filled col-12\">\n\t\t<p><button type=\"submit\" class=\"wpcf7-submit btn\"><i class=\"fac fac-check-circle space-right\"><\/i>Envoyer le message<\/button>\n\t\t<\/p>\n\t<\/div>\n<\/div><div class=\"wpcf7-response-output\" aria-hidden=\"true\"><\/div><\/form><\/div>            <\/div>\r\n        <\/div>\r\n            <\/div>\r\n\t\t<\/div>\n\t\t\t\t<\/div>\n\t\t            <\/div>\n        <\/div>\n                            <\/div>\n        <\/section>\n        \t\t\t\t\t<\/div>\n\t\t","protected":false},"excerpt":{"rendered":"<p>Contactez Pour plus d&#8217;informations, veuillez nous contacter \u00a0! Adresse du si\u00e8ge social\u00a0: 1130, Sherbrooke ouest, Suite 350, Montr\u00e9al, QC H3A 2M8 Appeler \u00e0 l&rsquo;aide: Tel.: 514-316-7057 Premi\u00e8re nom (obligatoire) Derni\u00e8re nom (obligatoire) Adresse e-mail (obligatoire) T\u00e9l\u00e9phoner (obligatoire) Votre message Envoyer le message<\/p>\n","protected":false},"author":8,"featured_media":0,"parent":0,"menu_order":0,"comment_status":"closed","ping_status":"closed","template":"","meta":{"footnotes":""},"class_list":["post-5807","page","type-page","status-publish","hentry"],"_links":{"self":[{"href":"https:\/\/agabbay.com\/fr\/wp-json\/wp\/v2\/pages\/5807","targetHints":{"allow":["GET"]}}],"collection":[{"href":"https:\/\/agabbay.com\/fr\/wp-json\/wp\/v2\/pages"}],"about":[{"href":"https:\/\/agabbay.com\/fr\/wp-json\/wp\/v2\/types\/page"}],"author":[{"embeddable":true,"href":"https:\/\/agabbay.com\/fr\/wp-json\/wp\/v2\/users\/8"}],"replies":[{"embeddable":true,"href":"https:\/\/agabbay.com\/fr\/wp-json\/wp\/v2\/comments?post=5807"}],"version-history":[{"count":23,"href":"https:\/\/agabbay.com\/fr\/wp-json\/wp\/v2\/pages\/5807\/revisions"}],"predecessor-version":[{"id":6208,"href":"https:\/\/agabbay.com\/fr\/wp-json\/wp\/v2\/pages\/5807\/revisions\/6208"}],"wp:attachment":[{"href":"https:\/\/agabbay.com\/fr\/wp-json\/wp\/v2\/media?parent=5807"}],"curies":[{"name":"wp","href":"https:\/\/api.w.org\/{rel}","templated":true}]}}