{"id":5796,"date":"2020-02-07T02:16:44","date_gmt":"2020-02-07T02:16:44","guid":{"rendered":"https:\/\/agabbay.com\/?page_id=5796"},"modified":"2023-03-21T19:31:51","modified_gmt":"2023-03-21T19:31:51","slug":"a-propos","status":"publish","type":"page","link":"https:\/\/agabbay.com\/fr\/a-propos\/","title":{"rendered":"\u00c0 Propos"},"content":{"rendered":"\t\t<div data-elementor-type=\"wp-page\" data-elementor-id=\"5796\" class=\"elementor elementor-5796\">\n\t\t\t\t\t\t\t        <section class=\"elementor-section elementor-top-section elementor-element elementor-element-64fd72b8 elementor-section-boxed elementor-section-height-default elementor-section-height-default ct-header-fixed-none ct-row-max-none\" data-id=\"64fd72b8\" data-element_type=\"section\">\n            \n                        <div class=\"elementor-container elementor-column-gap-default \">\n                    <div class=\"elementor-column elementor-col-50 elementor-top-column elementor-element elementor-element-305603d7\" data-id=\"305603d7\" data-element_type=\"column\">\n            <div class=\"elementor-widget-wrap elementor-element-populated\">\n                        \t\t<div class=\"elementor-element elementor-element-9da93fe line-sub-preset2 elementor-widget elementor-widget-ct_heading\" data-id=\"9da93fe\" data-element_type=\"widget\" data-widget_type=\"ct_heading.default\">\n\t\t\t\t<div class=\"elementor-widget-container\">\n\t\t\t<div id=\"ct_heading-9da93fe\" class=\"ct-heading h-align- sub-style1 ct-heading-left item-st-default\">\r\n\t<div class=\"ct-inline-css\"  data-css=\"\r\n        \">\r\n    <\/div>\r\n    \t\t<div class=\"item--sub-title style1 show-line\">\r\n                        \u00c0 propos de nous                                            <\/div>\r\n\t    <h3 class=\"item--title st-default wow wow bounce\" data-wow-delay=\"ms\">\r\n                <span class=\"sp-main\">\r\n            \r\n            Andre Gabbay &#038; Associes est un cabinet de Syndic autoris\u00e9 en insolvabilit\u00e9,\r\n            \r\n                    <\/span>\r\n            <\/h3>\r\n<\/div>\t\t<\/div>\n\t\t\t\t<\/div>\n\t\t\t\t<div class=\"elementor-element elementor-element-398fa9be wow fadeInUp elementor-widget elementor-widget-text-editor\" data-id=\"398fa9be\" data-element_type=\"widget\" data-widget_type=\"text-editor.default\">\n\t\t\t\t<div class=\"elementor-widget-container\">\n\t\t\t<style>\/*! elementor - v3.9.2 - 21-12-2022 *\/\n.elementor-widget-text-editor.elementor-drop-cap-view-stacked .elementor-drop-cap{background-color:#818a91;color:#fff}.elementor-widget-text-editor.elementor-drop-cap-view-framed .elementor-drop-cap{color:#818a91;border:3px solid;background-color:transparent}.elementor-widget-text-editor:not(.elementor-drop-cap-view-default) .elementor-drop-cap{margin-top:8px}.elementor-widget-text-editor:not(.elementor-drop-cap-view-default) .elementor-drop-cap-letter{width:1em;height:1em}.elementor-widget-text-editor .elementor-drop-cap{float:left;text-align:center;line-height:1;font-size:50px}.elementor-widget-text-editor .elementor-drop-cap-letter{display:inline-block}<\/style>\t\t\t\t<p>Avec plus de 60 ans d&rsquo;exp\u00e9rience collective, desservant le Grand Montr\u00e9al, Laval et les r\u00e9gions avoisinantes.<\/p>\t\t\t\t\t\t<\/div>\n\t\t\t\t<\/div>\n\t\t\t\t<div class=\"elementor-element elementor-element-1fb7224d wow fadeInUp elementor-widget elementor-widget-text-editor\" data-id=\"1fb7224d\" data-element_type=\"widget\" data-widget_type=\"text-editor.default\">\n\t\t\t\t<div class=\"elementor-widget-container\">\n\t\t\t\t\t\t\t<div class=\"about-call\">Appelez pour toute question (514) 316-7057<\/div>\t\t\t\t\t\t<\/div>\n\t\t\t\t<\/div>\n\t\t\t\t<div class=\"elementor-element elementor-element-78f3a28d elementor-widget elementor-widget-image\" data-id=\"78f3a28d\" data-element_type=\"widget\" data-widget_type=\"image.default\">\n\t\t\t\t<div class=\"elementor-widget-container\">\n\t\t\t<style>\/*! elementor - v3.9.2 - 21-12-2022 *\/\n.elementor-widget-image{text-align:center}.elementor-widget-image a{display:inline-block}.elementor-widget-image a img[src$=\".svg\"]{width:48px}.elementor-widget-image img{vertical-align:middle;display:inline-block}<\/style>\t\t\t\t\t\t\t\t\t\t\t\t<img decoding=\"async\" width=\"350\" height=\"1\" src=\"https:\/\/agabbay.com\/wp-content\/uploads\/2019\/12\/about-gap.png\" class=\"attachment-full size-full wp-image-1896\" alt=\"\" srcset=\"https:\/\/agabbay.com\/wp-content\/uploads\/2019\/12\/about-gap.png 350w, https:\/\/agabbay.com\/wp-content\/uploads\/2019\/12\/about-gap-300x1.png 300w, https:\/\/agabbay.com\/wp-content\/uploads\/2019\/12\/about-gap-150x1.png 150w\" sizes=\"(max-width: 350px) 100vw, 350px\" \/>\t\t\t\t\t\t\t\t\t\t\t\t\t\t\t<\/div>\n\t\t\t\t<\/div>\n\t\t            <\/div>\n        <\/div>\n                <div class=\"elementor-column elementor-col-50 elementor-top-column elementor-element elementor-element-1bb8bef0\" data-id=\"1bb8bef0\" data-element_type=\"column\">\n            <div class=\"elementor-widget-wrap elementor-element-populated\">\n                        \t\t<div class=\"elementor-element elementor-element-40e6861c wow fadeInRight elementor-widget elementor-widget-ct_banner\" data-id=\"40e6861c\" data-element_type=\"widget\" data-widget_type=\"ct_banner.default\">\n\t\t\t\t<div class=\"elementor-widget-container\">\n\t\t\t<div class=\"ct-banner1 \" data-wow-delay=\"ms\">\r\n\t<div class=\"ct-banner-imge\">\r\n    \t<img decoding=\"async\" width=\"1200\" height=\"800\" src=\"https:\/\/agabbay.com\/wp-content\/uploads\/2019\/11\/update-blog1.jpg\" class=\"attachment-full size-full wp-image-5599\" alt=\"\" srcset=\"https:\/\/agabbay.com\/wp-content\/uploads\/2019\/11\/update-blog1.jpg 1200w, https:\/\/agabbay.com\/wp-content\/uploads\/2019\/11\/update-blog1-300x200.jpg 300w, https:\/\/agabbay.com\/wp-content\/uploads\/2019\/11\/update-blog1-1024x683.jpg 1024w, https:\/\/agabbay.com\/wp-content\/uploads\/2019\/11\/update-blog1-768x512.jpg 768w\" sizes=\"(max-width: 1200px) 100vw, 1200px\" \/>        <h3 class=\"ct-banner-title\">60 ans d&#039;exp\u00e9rience<\/h3>\r\n    <\/div>\r\n<\/div>\t\t<\/div>\n\t\t\t\t<\/div>\n\t\t            <\/div>\n        <\/div>\n                            <\/div>\n        <\/section>\n                <section class=\"elementor-section elementor-top-section elementor-element elementor-element-c752131 elementor-section-stretched elementor-section-full_width elementor-section-height-default elementor-section-height-default ct-header-fixed-none ct-row-max-none\" data-id=\"c752131\" data-element_type=\"section\" data-settings=\"{&quot;stretch_section&quot;:&quot;section-stretched&quot;,&quot;background_background&quot;:&quot;classic&quot;}\">\n            \n                        <div class=\"elementor-container elementor-column-gap-no \">\n                    <div class=\"elementor-column elementor-col-50 elementor-top-column elementor-element elementor-element-b425f4f\" data-id=\"b425f4f\" data-element_type=\"column\">\n            <div class=\"elementor-widget-wrap\">\n                                    <\/div>\n        <\/div>\n                <div class=\"elementor-column elementor-col-50 elementor-top-column elementor-element elementor-element-ce65c69 col-offset-right\" data-id=\"ce65c69\" data-element_type=\"column\" data-settings=\"{&quot;background_background&quot;:&quot;classic&quot;}\">\n            <div class=\"elementor-widget-wrap elementor-element-populated\">\n                    <div class=\"elementor-background-overlay\"><\/div>\n                        \t\t<div class=\"elementor-element elementor-element-7af3a6b elementor-widget elementor-widget-spacer\" data-id=\"7af3a6b\" data-element_type=\"widget\" data-widget_type=\"spacer.default\">\n\t\t\t\t<div class=\"elementor-widget-container\">\n\t\t\t<style>\/*! elementor - v3.9.2 - 21-12-2022 *\/\n.elementor-column .elementor-spacer-inner{height:var(--spacer-size)}.e-con{--container-widget-width:100%}.e-con-inner>.elementor-widget-spacer,.e-con>.elementor-widget-spacer{width:var(--container-widget-width,var(--spacer-size));--align-self:var(--container-widget-align-self,initial);--flex-shrink:0}.e-con-inner>.elementor-widget-spacer>.elementor-widget-container,.e-con-inner>.elementor-widget-spacer>.elementor-widget-container>.elementor-spacer,.e-con>.elementor-widget-spacer>.elementor-widget-container,.e-con>.elementor-widget-spacer>.elementor-widget-container>.elementor-spacer{height:100%}.e-con-inner>.elementor-widget-spacer>.elementor-widget-container>.elementor-spacer>.elementor-spacer-inner,.e-con>.elementor-widget-spacer>.elementor-widget-container>.elementor-spacer>.elementor-spacer-inner{height:var(--container-widget-height,var(--spacer-size))}<\/style>\t\t<div class=\"elementor-spacer\">\n\t\t\t<div class=\"elementor-spacer-inner\"><\/div>\n\t\t<\/div>\n\t\t\t\t<\/div>\n\t\t\t\t<\/div>\n\t\t\t\t<div class=\"elementor-element elementor-element-95f59e2 color-gradient-from elementor-widget elementor-widget-ct_text_editor\" data-id=\"95f59e2\" data-element_type=\"widget\" data-widget_type=\"ct_text_editor.default\">\n\t\t\t\t<div class=\"elementor-widget-container\">\n\t\t\t<div id=\"ct_text_editor-95f59e2\" class=\"ct-text-editor \" data-wow-delay=\"ms\">\n\t<div class=\"ct-inline-css\"  data-css=\"\n        \t\t\">\n\n    <\/div>\n\t<div class=\"ct-text-editor elementor-clearfix\">\n\t\t<p>Aimez ce que nous offrons<\/p>\t\t\n\t<\/div>\n<\/div>\t\t<\/div>\n\t\t\t\t<\/div>\n\t\t\t\t<div class=\"elementor-element elementor-element-9211325 elementor-widget elementor-widget-ct_heading\" data-id=\"9211325\" data-element_type=\"widget\" data-widget_type=\"ct_heading.default\">\n\t\t\t\t<div class=\"elementor-widget-container\">\n\t\t\t<div id=\"ct_heading-9211325\" class=\"ct-heading h-align- sub-style1 ct-heading-left item-st-default\">\r\n\t<div class=\"ct-inline-css\"  data-css=\"\r\n        \">\r\n    <\/div>\r\n        <h3 class=\"item--title st-default case-animate-time\" data-wow-delay=\"ms\">\r\n                <span class=\"sp-main\">\r\n            \r\n            FAIRE DES AFFAIRES<br \/>\nAVEC NOUS!\r\n            \r\n                    <\/span>\r\n            <\/h3>\r\n<\/div>\t\t<\/div>\n\t\t\t\t<\/div>\n\t\t\t\t<div class=\"elementor-element elementor-element-58fe444 elementor-widget elementor-widget-ct_text_editor\" data-id=\"58fe444\" data-element_type=\"widget\" data-widget_type=\"ct_text_editor.default\">\n\t\t\t\t<div class=\"elementor-widget-container\">\n\t\t\t<div id=\"ct_text_editor-58fe444\" class=\"ct-text-editor \" data-wow-delay=\"ms\">\n\t<div class=\"ct-inline-css\"  data-css=\"\n        \t\t\">\n\n    <\/div>\n\t<div class=\"ct-text-editor elementor-clearfix\">\n\t\t<p>Afin d&rsquo;acqu\u00e9rir nos services, veuillez nous envoyer votre demande d&rsquo;int\u00e9r\u00eat. Nous reviendrons<br \/>imm\u00e9diatement.<\/p>\t\t\n\t<\/div>\n<\/div>\t\t<\/div>\n\t\t\t\t<\/div>\n\t\t\t\t<div class=\"elementor-element elementor-element-03068b7 elementor-align-left elementor-widget elementor-widget-ct_button\" data-id=\"03068b7\" data-element_type=\"widget\" data-widget_type=\"ct_button.default\">\n\t\t\t\t<div class=\"elementor-widget-container\">\n\t\t\t<div id=\"ct_button-03068b7\" class=\"ct-button-wrapper ct-button-layout1 icon-right btn--inline \">\r\n    <div class=\"ct-inline-css\"  data-css=\"\r\n        \">\r\n    <\/div>\r\n            <span class=\"ct-icon-active\"><\/span>\r\n        <a href=\"https:\/\/agabbay.com\/fr\/contactez\/\" class=\"btn btn-default icon-active btn-inline-block  \" data-wow-delay=\"ms\">\r\n                            <span class=\"ct-button-icon ct-align-icon-right\">\r\n                <i aria-hidden=\"true\" class=\"fas fa-angle-right\"><\/i>            <\/span>\r\n                <span class=\"ct-button-text\">Contactez-nous<\/span>\r\n    <\/a>\r\n<\/div>\t\t<\/div>\n\t\t\t\t<\/div>\n\t\t\t\t<div class=\"elementor-element elementor-element-202a22e elementor-widget elementor-widget-spacer\" data-id=\"202a22e\" data-element_type=\"widget\" data-widget_type=\"spacer.default\">\n\t\t\t\t<div class=\"elementor-widget-container\">\n\t\t\t\t\t<div class=\"elementor-spacer\">\n\t\t\t<div class=\"elementor-spacer-inner\"><\/div>\n\t\t<\/div>\n\t\t\t\t<\/div>\n\t\t\t\t<\/div>\n\t\t            <\/div>\n        <\/div>\n                            <\/div>\n        <\/section>\n                <section class=\"elementor-section elementor-top-section elementor-element elementor-element-7044b92 elementor-section-stretched elementor-section-boxed elementor-section-height-default elementor-section-height-default ct-header-fixed-none ct-row-max-none\" data-id=\"7044b92\" data-element_type=\"section\" data-settings=\"{&quot;stretch_section&quot;:&quot;section-stretched&quot;,&quot;background_background&quot;:&quot;classic&quot;}\">\n            \n                        <div class=\"elementor-container elementor-column-gap-extended \">\n                    <div class=\"elementor-column elementor-col-50 elementor-top-column elementor-element elementor-element-43e18f3\" data-id=\"43e18f3\" data-element_type=\"column\">\n            <div class=\"elementor-widget-wrap elementor-element-populated\">\n                        \t\t<div class=\"elementor-element elementor-element-b570126 elementor-widget elementor-widget-ct_tabs\" data-id=\"b570126\" data-element_type=\"widget\" data-widget_type=\"ct_tabs.default\">\n\t\t\t\t<div class=\"elementor-widget-container\">\n\t\t\t            <div class=\"ct-tabs ct-tabs--layout2 type-vertical style1\">\n                <div class=\"ct-tabs-title\">\n                                            <span class=\"ct-tab-title active\" data-target=\"#ct_tabs-b570126-91aeee6\"><span>Notre valeur<\/span><\/span>\n                                            <span class=\"ct-tab-title\" data-target=\"#ct_tabs-b570126-8303bab\"><span>Notre mission<\/span><\/span>\n                                            <span class=\"ct-tab-title\" data-target=\"#ct_tabs-b570126-bdab1d1\"><span>Notre service<\/span><\/span>\n                                    <\/div>\n\n                <div class=\"ct-tabs-content\">\n                                            <div class=\"ct-tab-content \" id=\"ct_tabs-b570126-91aeee6\" style=\"display:block;\"><div class=\"tab-sub\">Notre cabinet est compos\u00e9 de nombreux professionnels exp\u00e9riment\u00e9s.<\/div><div>Sp\u00e9cialis\u00e9s en : Comptabilit\u00e9, Faillite, Insolvabilit\u00e9, Fiscalit\u00e9 et Consolidation de dettes et sont pr\u00eats \u00e0 vous \u00e9couter et \u00e0 \u00e9valuer votre situation, \u00e0 vous informer sur toutes les solutions possibles \u00e0 votre situation unique.<\/div><\/div>\n                                            <div class=\"ct-tab-content \" id=\"ct_tabs-b570126-8303bab\"><div class=\"tab-sub\">Notre mission est d'aider les particuliers et les entreprises aux prises avec des difficult\u00e9s financi\u00e8res.<\/div><div>Nous comprenons que chaque situation est unique et nous sommes fiers de fournir des solutions confidentielles, pratiques et sp\u00e9cifiques \u00e0 la situation qui sont personnalis\u00e9es pour chacun de nos clients. Notre expertise dans le domaine de l'insolvabilit\u00e9 nous permet de vous apporter des solutions efficaces \u00e0 une situation qui semble d\u00e9sesp\u00e9r\u00e9e.<\/div><\/div>\n                                            <div class=\"ct-tab-content \" id=\"ct_tabs-b570126-bdab1d1\"><div class=\"tab-sub\">Nous rendons \u00e9galement des services aux petites et moyennes entreprises (PME) en situation de pr\u00e9carit\u00e9 financi\u00e8re.<\/div><div>Nous travaillons avec la direction afin de d\u00e9terminer les solutions potentielles et d'assurer leur mise en \u0153uvre r\u00e9ussie. Notre exp\u00e9rience dans le domaine de l'insolvabilit\u00e9 ainsi que notre bagage comptable, nous permettent d'apporter une approche diff\u00e9rente dans les dossiers des PME.<\/div><\/div>\n                                    <\/div>\n            <\/div>\n            \t\t<\/div>\n\t\t\t\t<\/div>\n\t\t            <\/div>\n        <\/div>\n                <div class=\"elementor-column elementor-col-50 elementor-top-column elementor-element elementor-element-c7ad8c1\" data-id=\"c7ad8c1\" data-element_type=\"column\">\n            <div class=\"elementor-widget-wrap\">\n                                    <\/div>\n        <\/div>\n                            <\/div>\n        <\/section>\n        \t\t\t\t\t<\/div>\n\t\t","protected":false},"excerpt":{"rendered":"<p>\u00c0 propos de nous Andre Gabbay &#038; Associes est un cabinet de Syndic autoris\u00e9 en insolvabilit\u00e9, Avec plus de 60 ans d&rsquo;exp\u00e9rience collective, desservant le Grand Montr\u00e9al, Laval et les r\u00e9gions avoisinantes. Appelez pour toute question (514) 316-7057 60 ans d&#039;exp\u00e9rience Aimez ce que nous offrons FAIRE DES AFFAIRES AVEC NOUS! Afin d&#8217;acqu\u00e9rir nos services, [&hellip;]<\/p>\n","protected":false},"author":8,"featured_media":0,"parent":0,"menu_order":0,"comment_status":"closed","ping_status":"closed","template":"","meta":{"footnotes":""},"class_list":["post-5796","page","type-page","status-publish","hentry"],"_links":{"self":[{"href":"https:\/\/agabbay.com\/fr\/wp-json\/wp\/v2\/pages\/5796","targetHints":{"allow":["GET"]}}],"collection":[{"href":"https:\/\/agabbay.com\/fr\/wp-json\/wp\/v2\/pages"}],"about":[{"href":"https:\/\/agabbay.com\/fr\/wp-json\/wp\/v2\/types\/page"}],"author":[{"embeddable":true,"href":"https:\/\/agabbay.com\/fr\/wp-json\/wp\/v2\/users\/8"}],"replies":[{"embeddable":true,"href":"https:\/\/agabbay.com\/fr\/wp-json\/wp\/v2\/comments?post=5796"}],"version-history":[{"count":20,"href":"https:\/\/agabbay.com\/fr\/wp-json\/wp\/v2\/pages\/5796\/revisions"}],"predecessor-version":[{"id":6371,"href":"https:\/\/agabbay.com\/fr\/wp-json\/wp\/v2\/pages\/5796\/revisions\/6371"}],"wp:attachment":[{"href":"https:\/\/agabbay.com\/fr\/wp-json\/wp\/v2\/media?parent=5796"}],"curies":[{"name":"wp","href":"https:\/\/api.w.org\/{rel}","templated":true}]}}